{"id":337,"date":"2025-08-25T23:33:28","date_gmt":"2025-08-26T02:33:28","guid":{"rendered":"https:\/\/cerrofrias.com\/?post_type=product&#038;p=337"},"modified":"2026-04-02T09:51:41","modified_gmt":"2026-04-02T12:51:41","slug":"trekking-y-merienda","status":"publish","type":"product","link":"https:\/\/cerrofrias.com\/pt\/actividad\/trekking-y-merienda\/","title":{"rendered":"Trekking e lanche"},"content":{"rendered":"<div class=\"post-data overview\">\n<h2 class=\"wpte-overview-title\">Sobre esta atividade<\/h2>\n<p>Explore as trilhas de tirar o f\u00f4lego da Patag\u00f4nia conosco!<\/p>\n<p>Comece sua aventura a partir do quincho e atravesse a encosta sul do Cerro Frias, desfrutando da vista panor\u00e2mica do Cerro Frias.\u00a0<strong>vistas panor\u00e2micas do Vale Centinela, do Lago Argentino, do Bra\u00e7o Rico e das majestosas Torres del Paine.<\/strong><\/p>\n<p>O passeio o levar\u00e1 a\u00a0<strong>uma mistura fascinante de estepe e floresta nativa de lengas<\/strong>A \u00e1rea \u00e9 o lar de uma variedade de plantas e animais que est\u00e3o esperando para serem descobertos.<\/p>\n<p><strong>Traga roupas confort\u00e1veis e quentes e cal\u00e7ados de trekking para aproveitar ao m\u00e1ximo essa experi\u00eancia.<\/strong><\/p>\n<p>No final, relaxe e desfrute de um delicioso lanche com bolos fritos e doces variados.<\/p>\n<p>Vivencie a verdadeira magia da Patag\u00f4nia em uma experi\u00eancia inesquec\u00edvel!<\/p>\n<h3>Hor\u00e1rio<\/h3>\n<p>Coleta em\u00a0<b>14:00hs, <\/b>encerrando a atividade em<b> 18:00hs<\/b><\/p>\n<\/div>\n<h3 class=\"wpte-trip-highlights-title\">Oferecemos a voc\u00ea<\/h3>\n<ul class=\"wpte-trip-highlights\">\n<li class=\"trip-highlight\">Vistas panor\u00e2micas<\/li>\n<li class=\"trip-highlight\">Adapta\u00e7\u00e3o a grupos<\/li>\n<li class=\"trip-highlight\">Prepara\u00e7\u00e3o recomendada<\/li>\n<li class=\"trip-highlight\">Lanche delicioso<\/li>\n<li class=\"trip-highlight\">Rota variada<\/li>\n<\/ul>\n<p>*Essa atividade \u00e9 para crian\u00e7as a partir de 6 anos de idade.<\/p>","protected":false},"excerpt":{"rendered":"<p class=\"card-price-travel__content-description\">Caminhe pelas trilhas do Cerro Frias a p\u00e9, descobrindo a flora e a fauna nativas enquanto desfruta de vistas panor\u00e2micas, seguido de um lanche na est\u00e2ncia.<\/p>","protected":false},"featured_media":1476,"comment_status":"open","ping_status":"closed","template":"","meta":[],"product_brand":[],"product_cat":[23],"product_tag":[],"class_list":{"0":"post-337","1":"product","2":"type-product","3":"status-publish","4":"has-post-thumbnail","6":"product_cat-trekking","8":"first","9":"instock","10":"virtual","11":"sold-individually","12":"purchasable","13":"product-type-booking"},"_links":{"self":[{"href":"https:\/\/cerrofrias.com\/pt\/wp-json\/wp\/v2\/product\/337","targetHints":{"allow":["GET"]}}],"collection":[{"href":"https:\/\/cerrofrias.com\/pt\/wp-json\/wp\/v2\/product"}],"about":[{"href":"https:\/\/cerrofrias.com\/pt\/wp-json\/wp\/v2\/types\/product"}],"replies":[{"embeddable":true,"href":"https:\/\/cerrofrias.com\/pt\/wp-json\/wp\/v2\/comments?post=337"}],"wp:featuredmedia":[{"embeddable":true,"href":"https:\/\/cerrofrias.com\/pt\/wp-json\/wp\/v2\/media\/1476"}],"wp:attachment":[{"href":"https:\/\/cerrofrias.com\/pt\/wp-json\/wp\/v2\/media?parent=337"}],"wp:term":[{"taxonomy":"product_brand","embeddable":true,"href":"https:\/\/cerrofrias.com\/pt\/wp-json\/wp\/v2\/product_brand?post=337"},{"taxonomy":"product_cat","embeddable":true,"href":"https:\/\/cerrofrias.com\/pt\/wp-json\/wp\/v2\/product_cat?post=337"},{"taxonomy":"product_tag","embeddable":true,"href":"https:\/\/cerrofrias.com\/pt\/wp-json\/wp\/v2\/product_tag?post=337"}],"curies":[{"name":"wp","href":"https:\/\/api.w.org\/{rel}","templated":true}]}}