{"id":330,"date":"2025-08-25T23:30:45","date_gmt":"2025-08-26T02:30:45","guid":{"rendered":"https:\/\/cerrofrias.com\/?post_type=product&#038;p=330"},"modified":"2026-03-18T08:53:20","modified_gmt":"2026-03-18T11:53:20","slug":"trekking-y-almuerzo","status":"publish","type":"product","link":"https:\/\/cerrofrias.com\/pt\/actividad\/trekking-y-almuerzo\/","title":{"rendered":"Trekking e almo\u00e7o"},"content":{"rendered":"<div class=\"post-data overview\">\n<h2 class=\"wpte-overview-title\">Sobre esta atividade<\/h2>\n<p>Embarque em uma aventura inesquec\u00edvel nas trilhas da Patag\u00f4nia!<\/p>\n<p>Come\u00e7a no quincho e percorre as encostas ao sul do Cerro Frias,<strong>\u00a0desfrutando de vistas panor\u00e2micas do Vale Centinela, do Lago Argentino, do Bra\u00e7o Rico e das imponentes Torres del Paine.<\/strong><\/p>\n<p>Ele atravessa uma mistura de estepe e floresta nativa de lengas, onde voc\u00ea pode descobrir uma rica variedade de plantas e animais.<\/p>\n<p><strong>Recomendamos o uso de roupas confort\u00e1veis e quentes e cal\u00e7ados para trekking.<\/strong><\/p>\n<p>No final da excurs\u00e3o, retorne \u00e0 \u00e1rea de churrasco para saborear um delicioso almo\u00e7o de ensopado de lentilhas patag\u00f4nicas. Experimente a ess\u00eancia da Patag\u00f4nia em cada momento de sua experi\u00eancia!<\/p>\n<p>&nbsp;<\/p>\n<h2 class=\"wpte-overview-title\">Hor\u00e1rio<\/h2>\n<p>Coleta em <strong>8:3<\/strong><b>0hs,\u00a0<\/b>encerrando a atividade em<b> 13:30hs<\/b><\/p>\n<\/div>\n<h3 class=\"wpte-trip-highlights-title\">Oferecemos a voc\u00ea<\/h3>\n<ul class=\"wpte-trip-highlights\">\n<li class=\"trip-highlight\">Vistas panor\u00e2micas<\/li>\n<li class=\"trip-highlight\">Rota variada<\/li>\n<li class=\"trip-highlight\">Adapta\u00e7\u00e3o a grupos<\/li>\n<li class=\"trip-highlight\">Prepara\u00e7\u00e3o recomendada<\/li>\n<\/ul>\n<p>*Essa atividade \u00e9 para crian\u00e7as a partir de 6 anos de idade.<\/p>","protected":false},"excerpt":{"rendered":"<p class=\"card-price-travel__content-description\">Mergulhe na natureza enquanto caminha pelo Cerro Frias, admirando as vistas e a vida selvagem, e depois almoce na est\u00e2ncia.<\/p>","protected":false},"featured_media":336,"comment_status":"open","ping_status":"closed","template":"","meta":[],"product_brand":[],"product_cat":[23],"product_tag":[],"class_list":{"0":"post-330","1":"product","2":"type-product","3":"status-publish","4":"has-post-thumbnail","6":"product_cat-trekking","8":"first","9":"instock","10":"virtual","11":"sold-individually","12":"purchasable","13":"product-type-booking"},"_links":{"self":[{"href":"https:\/\/cerrofrias.com\/pt\/wp-json\/wp\/v2\/product\/330","targetHints":{"allow":["GET"]}}],"collection":[{"href":"https:\/\/cerrofrias.com\/pt\/wp-json\/wp\/v2\/product"}],"about":[{"href":"https:\/\/cerrofrias.com\/pt\/wp-json\/wp\/v2\/types\/product"}],"replies":[{"embeddable":true,"href":"https:\/\/cerrofrias.com\/pt\/wp-json\/wp\/v2\/comments?post=330"}],"wp:featuredmedia":[{"embeddable":true,"href":"https:\/\/cerrofrias.com\/pt\/wp-json\/wp\/v2\/media\/336"}],"wp:attachment":[{"href":"https:\/\/cerrofrias.com\/pt\/wp-json\/wp\/v2\/media?parent=330"}],"wp:term":[{"taxonomy":"product_brand","embeddable":true,"href":"https:\/\/cerrofrias.com\/pt\/wp-json\/wp\/v2\/product_brand?post=330"},{"taxonomy":"product_cat","embeddable":true,"href":"https:\/\/cerrofrias.com\/pt\/wp-json\/wp\/v2\/product_cat?post=330"},{"taxonomy":"product_tag","embeddable":true,"href":"https:\/\/cerrofrias.com\/pt\/wp-json\/wp\/v2\/product_tag?post=330"}],"curies":[{"name":"wp","href":"https:\/\/api.w.org\/{rel}","templated":true}]}}