{"id":323,"date":"2025-08-25T22:40:30","date_gmt":"2025-08-26T01:40:30","guid":{"rendered":"https:\/\/cerrofrias.com\/?post_type=product&#038;p=323"},"modified":"2026-04-14T10:02:25","modified_gmt":"2026-04-14T13:02:25","slug":"cabalgata-y-merienda","status":"publish","type":"product","link":"https:\/\/cerrofrias.com\/pt\/actividad\/cabalgata-y-merienda\/","title":{"rendered":"Passeio a cavalo e lanche da tarde"},"content":{"rendered":"<div class=\"post-data overview\">\n<h2 class=\"wpte-overview-title\">Sobre esta atividade<\/h2>\n<p>Viva uma experi\u00eancia inesquec\u00edvel na Patag\u00f4nia com nosso passeio a cavalo em Cerro Frias!<\/p>\n<p>N\u00f3s o buscamos em seu hotel em El Calafate e, ap\u00f3s uma curta viagem at\u00e9 a Estancia Alice, equipamos voc\u00ea com tudo o que precisa para sua aventura.<\/p>\n<p><strong>N\u00e3o \u00e9 necess\u00e1rio ter experi\u00eancia pr\u00e9via; nossos cavalos est\u00e3o preparados para todos os n\u00edveis.<\/strong><\/p>\n<p>Ande a cavalo enquanto sobe at\u00e9 400 metros acima do n\u00edvel do mar e\u00a0<strong>Maravilhe-se com as vistas espetaculares do vale do rio Centinela e da cordilheira Cristales.<\/strong><\/p>\n<p>No caminho de volta, um delicioso lanche com bolos fritos e v\u00e1rios doces o aguarda.<\/p>\n<p>N\u00e3o perca essa oportunidade \u00fanica de se conectar com a natureza e desfrutar da aut\u00eantica Patag\u00f4nia!<\/p>\n<h3>Hor\u00e1rio<\/h3>\n<p>Coleta em\u00a0<b>14:00hs, <\/b>encerrando a atividade em<b> 18:00hs<\/b><\/p>\n<\/div>\n<h3 class=\"wpte-trip-highlights-title\">Oferecemos a voc\u00ea<\/h3>\n<ul class=\"wpte-trip-highlights\">\n<li class=\"trip-highlight\">Traslado do hotel<\/li>\n<li class=\"trip-highlight\">Equipamento completo<\/li>\n<li class=\"trip-highlight\">Passeios a cavalo e vistas<\/li>\n<li class=\"trip-highlight\">Retorno \u00e0 est\u00e2ncia<\/li>\n<li class=\"trip-highlight\">Lanche delicioso<\/li>\n<\/ul>\n<p>*Esta atividade \u00e9 para crian\u00e7as a partir de 5 anos de idade.<\/p>","protected":false},"excerpt":{"rendered":"<p class=\"card-price-travel__content-description\">Explore o Cerro Frias a cavalo, mergulhando em um cen\u00e1rio espetacular e conectando-se com a natureza, e depois desfrute de um lanche na est\u00e2ncia.<\/p>","protected":false},"featured_media":329,"comment_status":"open","ping_status":"closed","template":"","meta":[],"product_brand":[],"product_cat":[21],"product_tag":[],"class_list":{"0":"post-323","1":"product","2":"type-product","3":"status-publish","4":"has-post-thumbnail","6":"product_cat-cabalgata","8":"first","9":"instock","10":"virtual","11":"sold-individually","12":"purchasable","13":"product-type-booking"},"_links":{"self":[{"href":"https:\/\/cerrofrias.com\/pt\/wp-json\/wp\/v2\/product\/323","targetHints":{"allow":["GET"]}}],"collection":[{"href":"https:\/\/cerrofrias.com\/pt\/wp-json\/wp\/v2\/product"}],"about":[{"href":"https:\/\/cerrofrias.com\/pt\/wp-json\/wp\/v2\/types\/product"}],"replies":[{"embeddable":true,"href":"https:\/\/cerrofrias.com\/pt\/wp-json\/wp\/v2\/comments?post=323"}],"wp:featuredmedia":[{"embeddable":true,"href":"https:\/\/cerrofrias.com\/pt\/wp-json\/wp\/v2\/media\/329"}],"wp:attachment":[{"href":"https:\/\/cerrofrias.com\/pt\/wp-json\/wp\/v2\/media?parent=323"}],"wp:term":[{"taxonomy":"product_brand","embeddable":true,"href":"https:\/\/cerrofrias.com\/pt\/wp-json\/wp\/v2\/product_brand?post=323"},{"taxonomy":"product_cat","embeddable":true,"href":"https:\/\/cerrofrias.com\/pt\/wp-json\/wp\/v2\/product_cat?post=323"},{"taxonomy":"product_tag","embeddable":true,"href":"https:\/\/cerrofrias.com\/pt\/wp-json\/wp\/v2\/product_tag?post=323"}],"curies":[{"name":"wp","href":"https:\/\/api.w.org\/{rel}","templated":true}]}}