{"id":316,"date":"2025-08-25T22:35:55","date_gmt":"2025-08-26T01:35:55","guid":{"rendered":"https:\/\/cerrofrias.com\/?post_type=product&#038;p=316"},"modified":"2026-03-18T08:55:26","modified_gmt":"2026-03-18T11:55:26","slug":"cabalgata-y-almuerzo","status":"publish","type":"product","link":"https:\/\/cerrofrias.com\/pt\/actividad\/cabalgata-y-almuerzo\/","title":{"rendered":"Passeios a cavalo e almo\u00e7o"},"content":{"rendered":"<div class=\"post-data overview\">\n<h2 class=\"wpte-overview-title\">Sobre esta atividade<\/h2>\n<p>Descubra a ess\u00eancia da Patag\u00f4nia com um inesquec\u00edvel passeio a cavalo no Cerro Frias.<\/p>\n<p>Come\u00e7amos pegando voc\u00ea em seu hotel em El Calafate e, ap\u00f3s uma curta viagem, chegamos \u00e0 est\u00e2ncia Alice. L\u00e1, nossos guias o equipar\u00e3o com tudo o que voc\u00ea precisa para uma experi\u00eancia segura e agrad\u00e1vel.<\/p>\n<p><strong>N\u00e3o \u00e9 necess\u00e1rio ter experi\u00eancia anterior, pois nossos cavalos s\u00e3o ideais para cavaleiros de todos os n\u00edveis.<\/strong><\/p>\n<p>Embarque em uma aventura emocionante nas trilhas do Cerro Frias, subindo at\u00e9 400 metros acima do n\u00edvel do mar.<\/p>\n<p>A partir desse ponto,\u00a0<strong>Voc\u00ea ter\u00e1 vistas de tirar o f\u00f4lego do vale do Rio Centinela, da majestosa cadeia de montanhas Los Cristales e, em um dia claro, das ic\u00f4nicas Torres del Paine.<\/strong><\/p>\n<p>O retorno ser\u00e1 por uma encantadora floresta de lengas, proporcionando um contato \u00edntimo com a serenidade natural da Patag\u00f4nia.<\/p>\n<p>A experi\u00eancia culmina com um delicioso almo\u00e7o que inclui um ensopado de lentilhas da Patag\u00f4nia e um delicioso brownie, para encerrar o dia com um toque saboroso e reconfortante.<\/p>\n<h3>Hor\u00e1rio<\/h3>\n<p>Coleta em <strong>8<\/strong><b>:30hs, <\/b>encerrando a atividade em<b> 13:30hs<\/b><\/p>\n<\/div>\n<h3 class=\"wpte-trip-highlights-title\">Oferecemos a voc\u00ea<\/h3>\n<ul class=\"wpte-trip-highlights\">\n<li class=\"trip-highlight\">Traslado do hotel<\/li>\n<li class=\"trip-highlight\">Equipamento completo<\/li>\n<li class=\"trip-highlight\">Passeios a cavalo e vistas<\/li>\n<li class=\"trip-highlight\">Retorno \u00e0 est\u00e2ncia<\/li>\n<li class=\"trip-highlight\">Almo\u00e7o na est\u00e2ncia<\/li>\n<\/ul>","protected":false},"excerpt":{"rendered":"<p class=\"card-price-travel__content-description\">Explore o Cerro Frias a cavalo, cercado por paisagens \u00fanicas, e conclua a experi\u00eancia com um delicioso almo\u00e7o na est\u00e2ncia.<\/p>","protected":false},"featured_media":322,"comment_status":"open","ping_status":"closed","template":"","meta":[],"product_brand":[],"product_cat":[21],"product_tag":[],"class_list":{"0":"post-316","1":"product","2":"type-product","3":"status-publish","4":"has-post-thumbnail","6":"product_cat-cabalgata","8":"first","9":"instock","10":"virtual","11":"sold-individually","12":"purchasable","13":"product-type-booking"},"_links":{"self":[{"href":"https:\/\/cerrofrias.com\/pt\/wp-json\/wp\/v2\/product\/316","targetHints":{"allow":["GET"]}}],"collection":[{"href":"https:\/\/cerrofrias.com\/pt\/wp-json\/wp\/v2\/product"}],"about":[{"href":"https:\/\/cerrofrias.com\/pt\/wp-json\/wp\/v2\/types\/product"}],"replies":[{"embeddable":true,"href":"https:\/\/cerrofrias.com\/pt\/wp-json\/wp\/v2\/comments?post=316"}],"wp:featuredmedia":[{"embeddable":true,"href":"https:\/\/cerrofrias.com\/pt\/wp-json\/wp\/v2\/media\/322"}],"wp:attachment":[{"href":"https:\/\/cerrofrias.com\/pt\/wp-json\/wp\/v2\/media?parent=316"}],"wp:term":[{"taxonomy":"product_brand","embeddable":true,"href":"https:\/\/cerrofrias.com\/pt\/wp-json\/wp\/v2\/product_brand?post=316"},{"taxonomy":"product_cat","embeddable":true,"href":"https:\/\/cerrofrias.com\/pt\/wp-json\/wp\/v2\/product_cat?post=316"},{"taxonomy":"product_tag","embeddable":true,"href":"https:\/\/cerrofrias.com\/pt\/wp-json\/wp\/v2\/product_tag?post=316"}],"curies":[{"name":"wp","href":"https:\/\/api.w.org\/{rel}","templated":true}]}}