{"id":309,"date":"2025-08-25T22:31:46","date_gmt":"2025-08-26T01:31:46","guid":{"rendered":"https:\/\/cerrofrias.com\/?post_type=product&#038;p=309"},"modified":"2026-04-02T09:53:49","modified_gmt":"2026-04-02T12:53:49","slug":"4x4-y-merienda","status":"publish","type":"product","link":"https:\/\/cerrofrias.com\/pt\/actividad\/4x4-y-merienda\/","title":{"rendered":"4X4 e lanche"},"content":{"rendered":"<div class=\"post-data overview\">\n<h2 class=\"wpte-overview-title\">Sobre esta atividade<\/h2>\n<p>Embarque em uma emocionante aventura em um ve\u00edculo 4\u00d74, come\u00e7ando com o traslado do seu hotel em El Calafate. Depois de uma curta viagem de 20 minutos, voc\u00ea chegar\u00e1 \u00e0 est\u00e2ncia para iniciar uma subida \u00fanica do Cerro Frias.<\/p>\n<p>Desfrute de uma rota sinuosa que oferece vistas de tirar o f\u00f4lego do Lago Argentino e da estepe patag\u00f4nica. A 450 metros acima do n\u00edvel do mar, o primeiro mirante revela o espetacular Lago Argentino e suas ramifica\u00e7\u00f5es mais importantes, enquanto o ponto mais alto oferece vistas panor\u00e2micas de 360 graus,\u00a0<strong>incluindo o Parque Nacional Los Glaciares, Cerro Fitz Roy e Torres del Paine.<\/strong><\/p>\n<p>Depois de explorar essas vistas, des\u00e7a a face sul da colina por uma floresta de \u00e1rvores lenga nativas. A experi\u00eancia culmina com um lanche da tarde no aconchegante\u00a0<strong>Alice Stay<\/strong>onde voc\u00ea pode desfrutar de deliciosas pastafrolas, tortafritas e outros sabores tradicionais argentinos em um cen\u00e1rio natural deslumbrante.<\/p>\n<h3>Hor\u00e1rio<\/h3>\n<p>Coleta em\u00a0<b>14:00hs, <\/b>encerrando a atividade em<b> 18:00hs<\/b><\/p>\n<\/div>\n<h3 class=\"wpte-trip-highlights-title\">Oferecemos a voc\u00ea<\/h3>\n<ul class=\"wpte-trip-highlights\">\n<li class=\"trip-highlight\">Recep\u00e7\u00e3o em seu hotel em El Calafate<\/li>\n<li class=\"trip-highlight\">Subida emocionante em um 4\u00d74<\/li>\n<li class=\"trip-highlight\">Vistas de tirar o f\u00f4lego do mirante<\/li>\n<li class=\"trip-highlight\">Descida por uma floresta encantadora<\/li>\n<li class=\"trip-highlight\">Lanche tradicional na Est\u00e2ncia Alice<\/li>\n<\/ul>\n<p>Para todas as idades!<\/p>","protected":false},"excerpt":{"rendered":"<p class=\"card-price-travel__content-description\">Desfrute de uma emocionante aventura em um ve\u00edculo 4\u00d74 no Cerro Frias, com vistas de tirar o f\u00f4lego do Lago Argentino e da estepe patag\u00f4nica, seguida de um lanche na est\u00e2ncia.<\/p>","protected":false},"featured_media":315,"comment_status":"open","ping_status":"closed","template":"","meta":[],"product_brand":[],"product_cat":[20],"product_tag":[],"class_list":{"0":"post-309","1":"product","2":"type-product","3":"status-publish","4":"has-post-thumbnail","6":"product_cat-4x4","8":"first","9":"instock","10":"virtual","11":"sold-individually","12":"purchasable","13":"product-type-booking"},"_links":{"self":[{"href":"https:\/\/cerrofrias.com\/pt\/wp-json\/wp\/v2\/product\/309","targetHints":{"allow":["GET"]}}],"collection":[{"href":"https:\/\/cerrofrias.com\/pt\/wp-json\/wp\/v2\/product"}],"about":[{"href":"https:\/\/cerrofrias.com\/pt\/wp-json\/wp\/v2\/types\/product"}],"replies":[{"embeddable":true,"href":"https:\/\/cerrofrias.com\/pt\/wp-json\/wp\/v2\/comments?post=309"}],"wp:featuredmedia":[{"embeddable":true,"href":"https:\/\/cerrofrias.com\/pt\/wp-json\/wp\/v2\/media\/315"}],"wp:attachment":[{"href":"https:\/\/cerrofrias.com\/pt\/wp-json\/wp\/v2\/media?parent=309"}],"wp:term":[{"taxonomy":"product_brand","embeddable":true,"href":"https:\/\/cerrofrias.com\/pt\/wp-json\/wp\/v2\/product_brand?post=309"},{"taxonomy":"product_cat","embeddable":true,"href":"https:\/\/cerrofrias.com\/pt\/wp-json\/wp\/v2\/product_cat?post=309"},{"taxonomy":"product_tag","embeddable":true,"href":"https:\/\/cerrofrias.com\/pt\/wp-json\/wp\/v2\/product_tag?post=309"}],"curies":[{"name":"wp","href":"https:\/\/api.w.org\/{rel}","templated":true}]}}