{"id":270,"date":"2025-08-25T19:20:45","date_gmt":"2025-08-25T22:20:45","guid":{"rendered":"https:\/\/cerrofrias.com\/?post_type=product&#038;p=270"},"modified":"2026-03-18T08:57:32","modified_gmt":"2026-03-18T11:57:32","slug":"4x4-y-almuerzo","status":"publish","type":"product","link":"https:\/\/cerrofrias.com\/pt\/actividad\/4x4-y-almuerzo\/","title":{"rendered":"4X4 e almo\u00e7o"},"content":{"rendered":"<div class=\"post-data overview\">\n<h2 class=\"wpte-overview-title\">Sobre esta atividade<\/h2>\n<p>Comece uma emocionante aventura em um ve\u00edculo 4\u00d74 sendo buscado em seu hotel em El Calafate. Ap\u00f3s uma curta viagem de 20 minutos, voc\u00ea chegar\u00e1 \u00e0 est\u00e2ncia para iniciar a subida do Cerro Frias. Desfrute de um passeio por estradas sinuosas que oferecem vistas espetaculares do Cerro Frias.<strong>\u00a0Lago Argentino e a estepe patag\u00f4nica<\/strong>.<\/p>\n<p>A 450 metros acima do n\u00edvel do mar, o primeiro mirante oferece uma vista de tirar o f\u00f4lego do lago e de seus bra\u00e7os, enquanto o ponto mais alto oferece panoramas de 360 graus, incluindo o<strong>\u00a0Parque Nacional Los Glaciares, Monte Fitz Roy e Torres del Paine<\/strong>.<\/p>\n<p>Depois de explorar a colina, des\u00e7a pela face sul em meio a uma floresta de \u00e1rvores lenga nativas. A experi\u00eancia culmina com o almo\u00e7o na Estancia Alice, onde voc\u00ea desfrutar\u00e1 de um aut\u00eantico ensopado de lentilhas patag\u00f4nico em um cen\u00e1rio natural deslumbrante.<\/p>\n<h3>Hor\u00e1rio<\/h3>\n<p>Coleta em <strong>8<\/strong><b>:30hs, <\/b>encerrando a atividade em<b> 13:30hs<\/b><\/p>\n<\/div>\n<h3 class=\"wpte-trip-highlights-title\">Oferecemos a voc\u00ea<\/h3>\n<ul class=\"wpte-trip-highlights\">\n<li class=\"trip-highlight\">Recep\u00e7\u00e3o em seu hotel em El Calafate<\/li>\n<li class=\"trip-highlight\">Subida emocionante em um 4\u00d74<\/li>\n<li class=\"trip-highlight\">Vistas de tirar o f\u00f4lego do mirante<\/li>\n<li class=\"trip-highlight\">Descida por uma floresta encantadora<\/li>\n<li class=\"trip-highlight\">Delicioso almo\u00e7o na est\u00e2ncia<\/li>\n<\/ul>\n<p>Para todas as idades!<\/p>","protected":false},"excerpt":{"rendered":"<p>Desfrute de um passeio por estradas sinuosas que oferecem vistas espetaculares do Lago Argentino e da estepe patag\u00f4nica.<\/p>","protected":false},"featured_media":308,"comment_status":"open","ping_status":"closed","template":"","meta":[],"product_brand":[],"product_cat":[20],"product_tag":[],"class_list":{"0":"post-270","1":"product","2":"type-product","3":"status-publish","4":"has-post-thumbnail","6":"product_cat-4x4","8":"first","9":"instock","10":"virtual","11":"sold-individually","12":"purchasable","13":"product-type-booking"},"_links":{"self":[{"href":"https:\/\/cerrofrias.com\/pt\/wp-json\/wp\/v2\/product\/270","targetHints":{"allow":["GET"]}}],"collection":[{"href":"https:\/\/cerrofrias.com\/pt\/wp-json\/wp\/v2\/product"}],"about":[{"href":"https:\/\/cerrofrias.com\/pt\/wp-json\/wp\/v2\/types\/product"}],"replies":[{"embeddable":true,"href":"https:\/\/cerrofrias.com\/pt\/wp-json\/wp\/v2\/comments?post=270"}],"wp:featuredmedia":[{"embeddable":true,"href":"https:\/\/cerrofrias.com\/pt\/wp-json\/wp\/v2\/media\/308"}],"wp:attachment":[{"href":"https:\/\/cerrofrias.com\/pt\/wp-json\/wp\/v2\/media?parent=270"}],"wp:term":[{"taxonomy":"product_brand","embeddable":true,"href":"https:\/\/cerrofrias.com\/pt\/wp-json\/wp\/v2\/product_brand?post=270"},{"taxonomy":"product_cat","embeddable":true,"href":"https:\/\/cerrofrias.com\/pt\/wp-json\/wp\/v2\/product_cat?post=270"},{"taxonomy":"product_tag","embeddable":true,"href":"https:\/\/cerrofrias.com\/pt\/wp-json\/wp\/v2\/product_tag?post=270"}],"curies":[{"name":"wp","href":"https:\/\/api.w.org\/{rel}","templated":true}]}}