{"id":1375,"date":"2025-09-10T15:44:59","date_gmt":"2025-09-10T18:44:59","guid":{"rendered":"https:\/\/cerrofrias.com\/?post_type=product&#038;p=1375"},"modified":"2026-04-02T09:48:43","modified_gmt":"2026-04-02T12:48:43","slug":"tirolesa-y-merienda","status":"publish","type":"product","link":"https:\/\/cerrofrias.com\/pt\/actividad\/tirolesa-y-merienda\/","title":{"rendered":"Travessia tirolesa e lanche"},"content":{"rendered":"<div class=\"post-data overview\">\n<h2 class=\"wpte-overview-title\">Sobre esta atividade<\/h2>\n<p>Prepare-se para uma aventura \u00e9pica na Patag\u00f4nia!<\/p>\n<p>Equipado em nossa aconchegante \u00e1rea de churrasco, voc\u00ea sobe em ve\u00edculos 4\u00d74 ao longo das encostas sul da colina at\u00e9 uma plataforma a 560 metros acima do n\u00edvel do mar.<\/p>\n<p>A partir da\u00ed,<strong>\u00a0mergulhe em uma das maiores tirolesas da Am\u00e9rica do Sul<\/strong>A rota desce em ziguezague por quatro se\u00e7\u00f5es de 500 metros cada.<\/p>\n<p>Durante a descida,\u00a0<strong>Desfrute de vistas de tirar o f\u00f4lego das Torres del Paine e da cadeia de montanhas Cristales.<\/strong>. No final, retorne \u00e0 \u00e1rea da churrasqueira para um delicioso lanche com bolos fritos e variedades de doces.<\/p>\n<p>Experimente a emo\u00e7\u00e3o e a beleza da Patag\u00f4nia em uma experi\u00eancia verdadeiramente inesquec\u00edvel!<\/p>\n<h3>Hor\u00e1rio<\/h3>\n<p>Coleta em\u00a0<b>14:00hs,\u00a0<\/b>encerrando a atividade em<b>\u00a018:00hs<\/b><\/p>\n<\/div>\n<h3 class=\"wpte-trip-highlights-title\">Oferecemos a voc\u00ea<\/h3>\n<ul class=\"wpte-trip-highlights\">\n<li class=\"trip-highlight\">Equipamento<\/li>\n<li class=\"trip-highlight\">Subida em 4\u00d74<\/li>\n<li class=\"trip-highlight\">Descida de tirolesa<\/li>\n<li class=\"trip-highlight\">Vistas de tirar o f\u00f4lego<\/li>\n<li class=\"trip-highlight\">Lanche tradicional na Est\u00e2ncia Alice<\/li>\n<\/ul>\n<p>*Essa atividade \u00e9 para crian\u00e7as a partir de 6 anos de idade.<\/p>","protected":false},"excerpt":{"rendered":"<p>Des\u00e7a em ziguezague por uma das maiores tirolesas da Am\u00e9rica do Sul, admirando vistas incr\u00edveis, e termine a experi\u00eancia com um lanche na est\u00e2ncia.<\/p>","protected":false},"featured_media":1463,"comment_status":"open","ping_status":"closed","template":"","meta":[],"product_brand":[],"product_cat":[22],"product_tag":[],"class_list":{"0":"post-1375","1":"product","2":"type-product","3":"status-publish","4":"has-post-thumbnail","6":"product_cat-tirolesa","8":"first","9":"instock","10":"virtual","11":"sold-individually","12":"purchasable","13":"product-type-booking"},"_links":{"self":[{"href":"https:\/\/cerrofrias.com\/pt\/wp-json\/wp\/v2\/product\/1375","targetHints":{"allow":["GET"]}}],"collection":[{"href":"https:\/\/cerrofrias.com\/pt\/wp-json\/wp\/v2\/product"}],"about":[{"href":"https:\/\/cerrofrias.com\/pt\/wp-json\/wp\/v2\/types\/product"}],"replies":[{"embeddable":true,"href":"https:\/\/cerrofrias.com\/pt\/wp-json\/wp\/v2\/comments?post=1375"}],"wp:featuredmedia":[{"embeddable":true,"href":"https:\/\/cerrofrias.com\/pt\/wp-json\/wp\/v2\/media\/1463"}],"wp:attachment":[{"href":"https:\/\/cerrofrias.com\/pt\/wp-json\/wp\/v2\/media?parent=1375"}],"wp:term":[{"taxonomy":"product_brand","embeddable":true,"href":"https:\/\/cerrofrias.com\/pt\/wp-json\/wp\/v2\/product_brand?post=1375"},{"taxonomy":"product_cat","embeddable":true,"href":"https:\/\/cerrofrias.com\/pt\/wp-json\/wp\/v2\/product_cat?post=1375"},{"taxonomy":"product_tag","embeddable":true,"href":"https:\/\/cerrofrias.com\/pt\/wp-json\/wp\/v2\/product_tag?post=1375"}],"curies":[{"name":"wp","href":"https:\/\/api.w.org\/{rel}","templated":true}]}}