{"id":1364,"date":"2025-09-09T16:42:45","date_gmt":"2025-09-09T19:42:45","guid":{"rendered":"https:\/\/cerrofrias.com\/?post_type=product&#038;p=1364"},"modified":"2026-03-18T08:45:38","modified_gmt":"2026-03-18T11:45:38","slug":"trekking-full-day","status":"publish","type":"product","link":"https:\/\/cerrofrias.com\/pt\/actividad\/trekking-full-day\/","title":{"rendered":"Trekking de dia inteiro"},"content":{"rendered":"<h2 data-start=\"176\" data-end=\"202\">Sobre a excurs\u00e3o<\/h2>\n<h3 data-start=\"176\" data-end=\"202\">1095 metros de pura Patag\u00f4nia!<\/h3>\n<p data-start=\"204\" data-end=\"536\">Vivenciei uma jornada \u00fanica at\u00e9 o cume do Cerro Frias, ideal para os amantes de trekking, hist\u00f3ria e aventura patag\u00f4nica. Partimos do centro hist\u00f3rico da est\u00e2ncia e, ap\u00f3s uma caminhada inicial, chegamos ao Refugio Le\u00f1ador, um lugar cheio de hist\u00f3ria onde os antigos trabalhadores coletavam lenha no in\u00edcio do s\u00e9culo XX.<\/p>\n<p data-start=\"538\" data-end=\"1075\">A partir da\u00ed, a trilha nos leva ao cora\u00e7\u00e3o da floresta de lengas. Depois de uma subida desafiadora de uma hora e meia, a paisagem se abre para nos dar vistas de tirar o f\u00f4lego do Cord\u00f3n de los Cristales, do vale do Rio Centinela e, se o tempo permitir, das majestosas Torres del Paine. Chegamos a 1.095 metros acima do n\u00edvel do mar, onde uma vista panor\u00e2mica de 360\u00b0 nos deixa sem palavras: o Lago Argentino, os picos dos Andes, o Cord\u00f3n de los Baguales e, se tivermos sorte, o imponente Fitz Roy no horizonte.<\/p>\n<h3 data-start=\"538\" data-end=\"1075\">A descida come\u00e7a<\/h3>\n<p data-start=\"1077\" data-end=\"1393\">A descida segue por trilhas alternativas que nos permitem descobrir novas vistas da montanha e parar em ref\u00fagios hist\u00f3ricos para saborear uma refei\u00e7\u00e3o patag\u00f4nica e recuperar as energias. No final, um lanche tradicional na casa do rancho encerra esse dia \u00e9pico com todo o sabor da Patag\u00f4nia.<\/p>\n<h3>A saber:<\/h3>\n<p>Distancia 13KM<\/p>\n<p>Desnivel: 820 metros<\/p>\n<p>Dura\u00e7\u00e3o: 6 a 7 horas.<\/p>\n<p>Minimo de personas: 2<\/p>","protected":false},"excerpt":{"rendered":"<p>Explore as alturas do Cerro Frias em um inesquec\u00edvel passeio de trekking. Caminhe entre florestas, ref\u00fagios hist\u00f3ricos e paisagens patag\u00f4nicas \u00fanicas.<br data-start=\"232\" data-end=\"235\" \/>Chegue a 1.095 metros e desfrute de uma vista de 360\u00b0 que o deixar\u00e1 emocionado. Conhe\u00e7a a verdadeira Patag\u00f4nia, passo a passo, em uma experi\u00eancia \u00e9pica!<\/p>","protected":false},"featured_media":1365,"comment_status":"open","ping_status":"closed","template":"","meta":[],"product_brand":[],"product_cat":[23],"product_tag":[],"class_list":{"0":"post-1364","1":"product","2":"type-product","3":"status-publish","4":"has-post-thumbnail","6":"product_cat-trekking","8":"first","9":"instock","10":"virtual","11":"sold-individually","12":"purchasable","13":"product-type-booking"},"_links":{"self":[{"href":"https:\/\/cerrofrias.com\/pt\/wp-json\/wp\/v2\/product\/1364","targetHints":{"allow":["GET"]}}],"collection":[{"href":"https:\/\/cerrofrias.com\/pt\/wp-json\/wp\/v2\/product"}],"about":[{"href":"https:\/\/cerrofrias.com\/pt\/wp-json\/wp\/v2\/types\/product"}],"replies":[{"embeddable":true,"href":"https:\/\/cerrofrias.com\/pt\/wp-json\/wp\/v2\/comments?post=1364"}],"wp:featuredmedia":[{"embeddable":true,"href":"https:\/\/cerrofrias.com\/pt\/wp-json\/wp\/v2\/media\/1365"}],"wp:attachment":[{"href":"https:\/\/cerrofrias.com\/pt\/wp-json\/wp\/v2\/media?parent=1364"}],"wp:term":[{"taxonomy":"product_brand","embeddable":true,"href":"https:\/\/cerrofrias.com\/pt\/wp-json\/wp\/v2\/product_brand?post=1364"},{"taxonomy":"product_cat","embeddable":true,"href":"https:\/\/cerrofrias.com\/pt\/wp-json\/wp\/v2\/product_cat?post=1364"},{"taxonomy":"product_tag","embeddable":true,"href":"https:\/\/cerrofrias.com\/pt\/wp-json\/wp\/v2\/product_tag?post=1364"}],"curies":[{"name":"wp","href":"https:\/\/api.w.org\/{rel}","templated":true}]}}