{"id":1354,"date":"2025-09-09T16:20:44","date_gmt":"2025-09-09T19:20:44","guid":{"rendered":"https:\/\/cerrofrias.com\/?post_type=product&#038;p=1354"},"modified":"2026-04-02T09:50:09","modified_gmt":"2026-04-02T12:50:09","slug":"4x4-y-cena","status":"publish","type":"product","link":"https:\/\/cerrofrias.com\/pt\/actividad\/4x4-y-cena\/","title":{"rendered":"4\u00d74 e jantar"},"content":{"rendered":"<div class=\"post-data overview\">\n<h2 class=\"wpte-overview-title\">Sobre esta atividade<\/h2>\n<p>Embarque em uma emocionante aventura em um ve\u00edculo 4\u00d74 que o buscar\u00e1 em seu hotel em El Calafate. Ap\u00f3s uma curta viagem de 20 minutos, voc\u00ea chegar\u00e1 \u00e0 est\u00e2ncia para iniciar a subida do Cerro Frias. Desfrute de um passeio por estradas sinuosas com vistas de tirar o f\u00f4lego do Lago Argentino e da estepe patag\u00f4nica.<\/p>\n<p>A 450 metros acima do n\u00edvel do mar, o primeiro mirante oferece vistas espetaculares do lago e de seus bra\u00e7os, e o ponto mais alto oferece panoramas de 360 graus,\u00a0<strong>incluindo o Parque Nacional Los Glaciares, Cerro Fitz Roy e Torres del Paine.<\/strong><\/p>\n<p>Depois de explorar a colina e apreciar o p\u00f4r do sol nessas paisagens majestosas, voc\u00ea descer\u00e1 a face sul da colina por uma floresta de \u00e1rvores lenga nativas. O dia termina com um jantar no\u00a0<strong>Alice Stay<\/strong>onde voc\u00ea degustar\u00e1 um ensopado de lentilhas patag\u00f4nicas, seguido de um delicioso brownie com doce de leite para a sobremesa, tudo em um ambiente natural de sonho.<\/p>\n<h3>Hor\u00e1rio<\/h3>\n<p>Coleta em\u00a0<b>18:30hs, <\/b>encerrando a atividade em<b> 22:30hs<\/b><\/p>\n<p>*Entre el 20 de marzo y el 15 de Abril el pick up se realiza a partir de las <strong>17:30hs,\u00a0<\/strong>encerrar a atividade<strong> a las 21:30hs<\/strong><\/p>\n<p>*Horario disponible entre el 15 de Octubre y el 15 de Abril<\/p>\n<\/div>\n<h3 class=\"wpte-trip-highlights-title\">Oferecemos a voc\u00ea<\/h3>\n<ul class=\"wpte-trip-highlights\">\n<li class=\"trip-highlight\">Recep\u00e7\u00e3o em seu hotel em El Calafate<\/li>\n<li class=\"trip-highlight\">Subida emocionante em um 4\u00d74<\/li>\n<li class=\"trip-highlight\">Vistas de tirar o f\u00f4lego do mirante<\/li>\n<li class=\"trip-highlight\">Descida por uma floresta encantadora<\/li>\n<li class=\"trip-highlight\">Delicioso jantar na est\u00e2ncia<\/li>\n<\/ul>\n<p>Para todas as idades!<\/p>","protected":false},"excerpt":{"rendered":"<p>Depois de uma emocionante subida do Cerro Frias em um ve\u00edculo 4\u00d74 e de vistas panor\u00e2micas de tirar o f\u00f4lego, aproveite o jantar na Estancia Alice.<\/p>","protected":false},"featured_media":1356,"comment_status":"open","ping_status":"closed","template":"","meta":[],"product_brand":[],"product_cat":[20],"product_tag":[],"class_list":{"0":"post-1354","1":"product","2":"type-product","3":"status-publish","4":"has-post-thumbnail","6":"product_cat-4x4","8":"first","9":"instock","10":"virtual","11":"sold-individually","12":"purchasable","13":"product-type-booking"},"_links":{"self":[{"href":"https:\/\/cerrofrias.com\/pt\/wp-json\/wp\/v2\/product\/1354","targetHints":{"allow":["GET"]}}],"collection":[{"href":"https:\/\/cerrofrias.com\/pt\/wp-json\/wp\/v2\/product"}],"about":[{"href":"https:\/\/cerrofrias.com\/pt\/wp-json\/wp\/v2\/types\/product"}],"replies":[{"embeddable":true,"href":"https:\/\/cerrofrias.com\/pt\/wp-json\/wp\/v2\/comments?post=1354"}],"wp:featuredmedia":[{"embeddable":true,"href":"https:\/\/cerrofrias.com\/pt\/wp-json\/wp\/v2\/media\/1356"}],"wp:attachment":[{"href":"https:\/\/cerrofrias.com\/pt\/wp-json\/wp\/v2\/media?parent=1354"}],"wp:term":[{"taxonomy":"product_brand","embeddable":true,"href":"https:\/\/cerrofrias.com\/pt\/wp-json\/wp\/v2\/product_brand?post=1354"},{"taxonomy":"product_cat","embeddable":true,"href":"https:\/\/cerrofrias.com\/pt\/wp-json\/wp\/v2\/product_cat?post=1354"},{"taxonomy":"product_tag","embeddable":true,"href":"https:\/\/cerrofrias.com\/pt\/wp-json\/wp\/v2\/product_tag?post=1354"}],"curies":[{"name":"wp","href":"https:\/\/api.w.org\/{rel}","templated":true}]}}