{"id":1342,"date":"2025-09-09T16:11:05","date_gmt":"2025-09-09T19:11:05","guid":{"rendered":"https:\/\/cerrofrias.com\/?post_type=product&#038;p=1342"},"modified":"2026-04-02T09:51:00","modified_gmt":"2026-04-02T12:51:00","slug":"cabalgata-y-cena","status":"publish","type":"product","link":"https:\/\/cerrofrias.com\/pt\/actividad\/cabalgata-y-cena\/","title":{"rendered":"Passeio a cavalo e jantar"},"content":{"rendered":"<div class=\"post-data overview\">\n<h2 class=\"wpte-overview-title\">Sobre esta atividade<\/h2>\n<p>Experimente uma aventura patag\u00f4nica sem igual com nosso passeio a cavalo no Cerro Frias. Come\u00e7amos pegando voc\u00ea em seu hotel em El Calafate e o levamos \u00e0 Estancia Alice, onde o equipamos com tudo o que voc\u00ea precisa, sem necessidade de experi\u00eancia pr\u00e9via.<\/p>\n<p>Ande a cavalo e suba at\u00e9 400 metros acima do n\u00edvel do mar,\u00a0<strong>desfrutando de vistas de tirar o f\u00f4lego do vale do rio Centinela, da cordilheira Cristales e, em dias claros, das majestosas Torres del Paine.<\/strong><\/p>\n<p>Quando o sol se p\u00f5e, assista a um p\u00f4r do sol espetacular que real\u00e7a a beleza da paisagem. Ao retornar, desfrute de um jantar reconfortante com ensopado de lentilhas e um delicioso brownie como sobremesa.<\/p>\n<p>Conecte-se com a natureza e experimente a aut\u00eantica magia da Patag\u00f4nia em uma noite inesquec\u00edvel.<\/p>\n<h3>Hor\u00e1rio<\/h3>\n<p>Coleta em\u00a0<strong>18:30hs, <\/strong>encerrar a atividade\u00a0<strong>\u00e0s 22:30hs<\/strong><\/p>\n<p>*Entre el 20 de marzo y el 15 de Abril el pick up se realiza a partir de las <strong>17:30hs,\u00a0<\/strong>encerrar a atividade<strong> a las 21:30hs<\/strong><\/p>\n<p>*Horario disponible entre el 15 de Octubre y el 15 de Abril<\/p>\n<\/div>\n<h3 class=\"wpte-trip-highlights-title\">Oferecemos a voc\u00ea<\/h3>\n<ul class=\"wpte-trip-highlights\">\n<li class=\"trip-highlight\">Traslado do hotel<\/li>\n<li class=\"trip-highlight\">Equipamento completo<\/li>\n<li class=\"trip-highlight\">Passeios a cavalo e vistas<\/li>\n<li class=\"trip-highlight\">Retorno \u00e0 est\u00e2ncia<\/li>\n<li class=\"trip-highlight\">Jantar na est\u00e2ncia<\/li>\n<\/ul>\n<p>*Essa atividade \u00e9 para crian\u00e7as a partir de 6 anos de idade.<\/p>","protected":false},"excerpt":{"rendered":"<p>Explore o Cerro Frias a cavalo ao p\u00f4r do sol, com um cen\u00e1rio inigual\u00e1vel, e conclua a experi\u00eancia com um jantar na est\u00e2ncia.<\/p>","protected":false},"featured_media":1343,"comment_status":"open","ping_status":"closed","template":"","meta":[],"product_brand":[],"product_cat":[21],"product_tag":[],"class_list":{"0":"post-1342","1":"product","2":"type-product","3":"status-publish","4":"has-post-thumbnail","6":"product_cat-cabalgata","8":"first","9":"instock","10":"virtual","11":"sold-individually","12":"purchasable","13":"product-type-booking"},"_links":{"self":[{"href":"https:\/\/cerrofrias.com\/pt\/wp-json\/wp\/v2\/product\/1342","targetHints":{"allow":["GET"]}}],"collection":[{"href":"https:\/\/cerrofrias.com\/pt\/wp-json\/wp\/v2\/product"}],"about":[{"href":"https:\/\/cerrofrias.com\/pt\/wp-json\/wp\/v2\/types\/product"}],"replies":[{"embeddable":true,"href":"https:\/\/cerrofrias.com\/pt\/wp-json\/wp\/v2\/comments?post=1342"}],"wp:featuredmedia":[{"embeddable":true,"href":"https:\/\/cerrofrias.com\/pt\/wp-json\/wp\/v2\/media\/1343"}],"wp:attachment":[{"href":"https:\/\/cerrofrias.com\/pt\/wp-json\/wp\/v2\/media?parent=1342"}],"wp:term":[{"taxonomy":"product_brand","embeddable":true,"href":"https:\/\/cerrofrias.com\/pt\/wp-json\/wp\/v2\/product_brand?post=1342"},{"taxonomy":"product_cat","embeddable":true,"href":"https:\/\/cerrofrias.com\/pt\/wp-json\/wp\/v2\/product_cat?post=1342"},{"taxonomy":"product_tag","embeddable":true,"href":"https:\/\/cerrofrias.com\/pt\/wp-json\/wp\/v2\/product_tag?post=1342"}],"curies":[{"name":"wp","href":"https:\/\/api.w.org\/{rel}","templated":true}]}}