{"id":1331,"date":"2025-09-09T15:52:13","date_gmt":"2025-09-09T18:52:13","guid":{"rendered":"https:\/\/cerrofrias.com\/?post_type=product&#038;p=1331"},"modified":"2026-03-18T08:50:58","modified_gmt":"2026-03-18T11:50:58","slug":"tirolesa-y-almuerzo","status":"publish","type":"product","link":"https:\/\/cerrofrias.com\/pt\/actividad\/tirolesa-y-almuerzo\/","title":{"rendered":"Travessia tirolesa e almo\u00e7o"},"content":{"rendered":"<div class=\"post-data overview\"><\/div>\n<div class=\"post-data overview\">\n<h2 class=\"wpte-overview-title\">Sobre esta atividade<\/h2>\n<p>Prepare-se para uma aventura \u00e9pica na Patag\u00f4nia!<\/p>\n<p>Comece se equipando em nossa aconchegante \u00e1rea de churrasco e depois suba em ve\u00edculos 4\u00d74 pela encosta sul da colina at\u00e9 uma plataforma a 560 metros acima do n\u00edvel do mar.<\/p>\n<p>A partir da\u00ed,\u00a0<strong>mergulhe em uma das maiores tirolesas da Am\u00e9rica do Sul<\/strong>A rota desce em ziguezague por quatro se\u00e7\u00f5es de 500 metros cada.<\/p>\n<p>Enquanto voc\u00ea desce,\u00a0<strong>Desfrute de vistas de tirar o f\u00f4lego das Torres del Paine e da cadeia de montanhas Cristales.<\/strong>.<\/p>\n<p>No final, retorne ao quincho para um almo\u00e7o reconfortante com um ensopado de lentilhas patag\u00f4nicas.<\/p>\n<p>Experimente a emo\u00e7\u00e3o e o sabor aut\u00eantico da Patag\u00f4nia em uma experi\u00eancia verdadeiramente inesquec\u00edvel!<\/p>\n<h2 class=\"wpte-overview-title\">Hor\u00e1rio<\/h2>\n<p>Coleta em\u00a0<b>8:30hs,\u00a0<\/b>encerrando a atividade em<b>\u00a013:30hs<\/b><\/p>\n<\/div>\n<h3 class=\"wpte-trip-highlights-title\">Oferecemos a voc\u00ea<\/h3>\n<ul class=\"wpte-trip-highlights\">\n<li class=\"trip-highlight\">Equipamentos na \u00e1rea de churrasco<\/li>\n<li class=\"trip-highlight\">Subida em 4\u00d74<\/li>\n<li class=\"trip-highlight\">Descida de tirolesa<\/li>\n<li class=\"trip-highlight\">Vistas de tirar o f\u00f4lego<\/li>\n<li class=\"trip-highlight\">Almo\u00e7o na Patag\u00f4nia<\/li>\n<\/ul>\n<p>*Essa atividade \u00e9 para crian\u00e7as a partir de 6 anos de idade.<\/p>","protected":false},"excerpt":{"rendered":"<p>Desfrute de uma descida de tirolesa pelo Cerro Frias, um dos maiores da Am\u00e9rica do Sul, e recarregue suas baterias com um almo\u00e7o na est\u00e2ncia.<\/p>","protected":false},"featured_media":1332,"comment_status":"open","ping_status":"closed","template":"","meta":[],"product_brand":[],"product_cat":[22],"product_tag":[],"class_list":{"0":"post-1331","1":"product","2":"type-product","3":"status-publish","4":"has-post-thumbnail","6":"product_cat-tirolesa","8":"first","9":"instock","10":"virtual","11":"sold-individually","12":"purchasable","13":"product-type-booking"},"_links":{"self":[{"href":"https:\/\/cerrofrias.com\/pt\/wp-json\/wp\/v2\/product\/1331","targetHints":{"allow":["GET"]}}],"collection":[{"href":"https:\/\/cerrofrias.com\/pt\/wp-json\/wp\/v2\/product"}],"about":[{"href":"https:\/\/cerrofrias.com\/pt\/wp-json\/wp\/v2\/types\/product"}],"replies":[{"embeddable":true,"href":"https:\/\/cerrofrias.com\/pt\/wp-json\/wp\/v2\/comments?post=1331"}],"wp:featuredmedia":[{"embeddable":true,"href":"https:\/\/cerrofrias.com\/pt\/wp-json\/wp\/v2\/media\/1332"}],"wp:attachment":[{"href":"https:\/\/cerrofrias.com\/pt\/wp-json\/wp\/v2\/media?parent=1331"}],"wp:term":[{"taxonomy":"product_brand","embeddable":true,"href":"https:\/\/cerrofrias.com\/pt\/wp-json\/wp\/v2\/product_brand?post=1331"},{"taxonomy":"product_cat","embeddable":true,"href":"https:\/\/cerrofrias.com\/pt\/wp-json\/wp\/v2\/product_cat?post=1331"},{"taxonomy":"product_tag","embeddable":true,"href":"https:\/\/cerrofrias.com\/pt\/wp-json\/wp\/v2\/product_tag?post=1331"}],"curies":[{"name":"wp","href":"https:\/\/api.w.org\/{rel}","templated":true}]}}